{"id":59,"date":"2020-01-29T14:33:01","date_gmt":"2020-01-29T19:33:01","guid":{"rendered":"https:\/\/www.toptennis.ca\/?page_id=59"},"modified":"2023-02-10T10:42:24","modified_gmt":"2023-02-10T15:42:24","slug":"faq","status":"publish","type":"page","link":"https:\/\/www.toptennis.ca\/fr\/faq\/","title":{"rendered":"Trouvez toutes les r\u00e9ponses \u00e0 vos questions"},"content":{"rendered":"","protected":false},"excerpt":{"rendered":"","protected":false},"author":1,"featured_media":0,"parent":0,"menu_order":0,"comment_status":"closed","ping_status":"closed","template":"page-templates\/faq.php","meta":[],"yoast_head":"<!-- This site is optimized with the Yoast SEO plugin v16.8 - https:\/\/yoast.com\/wordpress\/plugins\/seo\/ -->\n<title>Tennis Outaouais Performance | Trouvez toutes les r\u00e9ponses \u00e0 vos questions<\/title>\n<meta name=\"description\" content=\"Tennis Outaouais Performance : Notre \u00e9quipe est disponible pour r\u00e9pondre \u00e0 toutes les questions que vous pouvez avoir en rapport avec les activit\u00e9s chez Tennis Outaouais Performance\" \/>\n<meta name=\"robots\" content=\"index, follow, max-snippet:-1, max-image-preview:large, max-video-preview:-1\" \/>\n<link rel=\"canonical\" href=\"https:\/\/www.toptennis.ca\/fr\/faq\/\" \/>\n<meta property=\"og:locale\" content=\"fr_FR\" \/>\n<meta property=\"og:type\" content=\"article\" \/>\n<meta property=\"og:title\" content=\"Tennis Outaouais Performance | Trouvez toutes les r\u00e9ponses \u00e0 vos questions\" \/>\n<meta property=\"og:description\" content=\"Tennis Outaouais Performance : Notre \u00e9quipe est disponible pour r\u00e9pondre \u00e0 toutes les questions que vous pouvez avoir en rapport avec les activit\u00e9s chez Tennis Outaouais Performance\" \/>\n<meta property=\"og:url\" content=\"https:\/\/www.toptennis.ca\/fr\/faq\/\" \/>\n<meta property=\"og:site_name\" content=\"Tennis Outaouais Performance\" \/>\n<meta property=\"article:modified_time\" content=\"2023-02-10T15:42:24+00:00\" \/>\n<meta name=\"twitter:card\" content=\"summary_large_image\" \/>\n<script type=\"application\/ld+json\" class=\"yoast-schema-graph\">{\"@context\":\"https:\/\/schema.org\",\"@graph\":[{\"@type\":\"WebSite\",\"@id\":\"https:\/\/www.toptennis.ca\/fr\/#website\",\"url\":\"https:\/\/www.toptennis.ca\/fr\/\",\"name\":\"Tennis Outaouais Performance\",\"description\":\"Organisme pour joueurs  de tennis juniors en Outaouais\",\"potentialAction\":[{\"@type\":\"SearchAction\",\"target\":{\"@type\":\"EntryPoint\",\"urlTemplate\":\"https:\/\/www.toptennis.ca\/fr\/?s={search_term_string}\"},\"query-input\":\"required name=search_term_string\"}],\"inLanguage\":\"fr-FR\"},{\"@type\":\"WebPage\",\"@id\":\"https:\/\/www.toptennis.ca\/fr\/faq\/#webpage\",\"url\":\"https:\/\/www.toptennis.ca\/fr\/faq\/\",\"name\":\"Tennis Outaouais Performance | Trouvez toutes les r\\u00e9ponses \\u00e0 vos questions\",\"isPartOf\":{\"@id\":\"https:\/\/www.toptennis.ca\/fr\/#website\"},\"datePublished\":\"2020-01-29T19:33:01+00:00\",\"dateModified\":\"2023-02-10T15:42:24+00:00\",\"description\":\"Tennis Outaouais Performance : Notre \\u00e9quipe est disponible pour r\\u00e9pondre \\u00e0 toutes les questions que vous pouvez avoir en rapport avec les activit\\u00e9s chez Tennis Outaouais Performance\",\"breadcrumb\":{\"@id\":\"https:\/\/www.toptennis.ca\/fr\/faq\/#breadcrumb\"},\"inLanguage\":\"fr-FR\",\"potentialAction\":[{\"@type\":\"ReadAction\",\"target\":[\"https:\/\/www.toptennis.ca\/fr\/faq\/\"]}]},{\"@type\":\"BreadcrumbList\",\"@id\":\"https:\/\/www.toptennis.ca\/fr\/faq\/#breadcrumb\",\"itemListElement\":[{\"@type\":\"ListItem\",\"position\":1,\"name\":\"Home\",\"item\":\"https:\/\/www.toptennis.ca\/fr\/\"},{\"@type\":\"ListItem\",\"position\":2,\"name\":\"Trouvez toutes les r\\u00e9ponses \\u00e0 vos questions\"}]}]}<\/script>\n<!-- \/ Yoast SEO plugin. -->","yoast_head_json":{"title":"Tennis Outaouais Performance | Trouvez toutes les r\u00e9ponses \u00e0 vos questions","description":"Tennis Outaouais Performance : Notre \u00e9quipe est disponible pour r\u00e9pondre \u00e0 toutes les questions que vous pouvez avoir en rapport avec les activit\u00e9s chez Tennis Outaouais Performance","robots":{"index":"index","follow":"follow","max-snippet":"max-snippet:-1","max-image-preview":"max-image-preview:large","max-video-preview":"max-video-preview:-1"},"canonical":"https:\/\/www.toptennis.ca\/fr\/faq\/","og_locale":"fr_FR","og_type":"article","og_title":"Tennis Outaouais Performance | Trouvez toutes les r\u00e9ponses \u00e0 vos questions","og_description":"Tennis Outaouais Performance : Notre \u00e9quipe est disponible pour r\u00e9pondre \u00e0 toutes les questions que vous pouvez avoir en rapport avec les activit\u00e9s chez Tennis Outaouais Performance","og_url":"https:\/\/www.toptennis.ca\/fr\/faq\/","og_site_name":"Tennis Outaouais Performance","article_modified_time":"2023-02-10T15:42:24+00:00","twitter_card":"summary_large_image","schema":{"@context":"https:\/\/schema.org","@graph":[{"@type":"WebSite","@id":"https:\/\/www.toptennis.ca\/fr\/#website","url":"https:\/\/www.toptennis.ca\/fr\/","name":"Tennis Outaouais Performance","description":"Organisme pour joueurs  de tennis juniors en Outaouais","potentialAction":[{"@type":"SearchAction","target":{"@type":"EntryPoint","urlTemplate":"https:\/\/www.toptennis.ca\/fr\/?s={search_term_string}"},"query-input":"required name=search_term_string"}],"inLanguage":"fr-FR"},{"@type":"WebPage","@id":"https:\/\/www.toptennis.ca\/fr\/faq\/#webpage","url":"https:\/\/www.toptennis.ca\/fr\/faq\/","name":"Tennis Outaouais Performance | Trouvez toutes les r\u00e9ponses \u00e0 vos questions","isPartOf":{"@id":"https:\/\/www.toptennis.ca\/fr\/#website"},"datePublished":"2020-01-29T19:33:01+00:00","dateModified":"2023-02-10T15:42:24+00:00","description":"Tennis Outaouais Performance : Notre \u00e9quipe est disponible pour r\u00e9pondre \u00e0 toutes les questions que vous pouvez avoir en rapport avec les activit\u00e9s chez Tennis Outaouais Performance","breadcrumb":{"@id":"https:\/\/www.toptennis.ca\/fr\/faq\/#breadcrumb"},"inLanguage":"fr-FR","potentialAction":[{"@type":"ReadAction","target":["https:\/\/www.toptennis.ca\/fr\/faq\/"]}]},{"@type":"BreadcrumbList","@id":"https:\/\/www.toptennis.ca\/fr\/faq\/#breadcrumb","itemListElement":[{"@type":"ListItem","position":1,"name":"Home","item":"https:\/\/www.toptennis.ca\/fr\/"},{"@type":"ListItem","position":2,"name":"Trouvez toutes les r\u00e9ponses \u00e0 vos questions"}]}]}},"_links":{"self":[{"href":"https:\/\/www.toptennis.ca\/fr\/wp-json\/wp\/v2\/pages\/59"}],"collection":[{"href":"https:\/\/www.toptennis.ca\/fr\/wp-json\/wp\/v2\/pages"}],"about":[{"href":"https:\/\/www.toptennis.ca\/fr\/wp-json\/wp\/v2\/types\/page"}],"author":[{"embeddable":true,"href":"https:\/\/www.toptennis.ca\/fr\/wp-json\/wp\/v2\/users\/1"}],"replies":[{"embeddable":true,"href":"https:\/\/www.toptennis.ca\/fr\/wp-json\/wp\/v2\/comments?post=59"}],"version-history":[{"count":5,"href":"https:\/\/www.toptennis.ca\/fr\/wp-json\/wp\/v2\/pages\/59\/revisions"}],"predecessor-version":[{"id":631,"href":"https:\/\/www.toptennis.ca\/fr\/wp-json\/wp\/v2\/pages\/59\/revisions\/631"}],"wp:attachment":[{"href":"https:\/\/www.toptennis.ca\/fr\/wp-json\/wp\/v2\/media?parent=59"}],"curies":[{"name":"wp","href":"https:\/\/api.w.org\/{rel}","templated":true}]}}