{"id":57,"date":"2020-01-29T14:32:02","date_gmt":"2020-01-29T19:32:02","guid":{"rendered":"https:\/\/www.toptennis.ca\/?page_id=57"},"modified":"2022-03-01T15:08:36","modified_gmt":"2022-03-01T20:08:36","slug":"evenements","status":"publish","type":"page","link":"https:\/\/www.toptennis.ca\/fr\/evenements\/","title":{"rendered":"D\u00e9couvrez nos \u00e9v\u00e9nements et tournois en Outaouais"},"content":{"rendered":"<section class=\"main-container body-container faq-container pt-0\">\n<div class=\"container\">\n<div class=\"row\">\n<div class=\"col-md-12\">\n<div class=\"lc-block banner\">\n<div editable=\"rich\">\n<h1>\u00c9v\u00e9nements\/Tournois<\/h1>\n<\/p><\/div>\n<\/p><\/div>\n<p><!-- \/lc-block --><\/p>\n<div class=\"lc-block\">\n<div editable=\"rich\" class=\"events-links\">\n<div><a href=\"https:\/\/tq.tournamentsoftware.com\/find?DateFilterType=0&amp;StartDate=2022-03-01&amp;EndDate=2025-01-09&amp;OrganizationGroupIDList=0BA02037-F413-4AC2-B291-5793C2172E14&amp;page=1&amp;Distance=15\" target=\"_blank\" rel=\"noopener\">Tournois Tennis-Qu\u00e9bec (TQ)<\/a><\/div>\n<div><a href=\"https:\/\/tq.tournamentsoftware.com\/find?DateFilterType=0&amp;StartDate=2022-03-01&amp;EndDate=2025-01-09&amp;page=1&amp;OrganizationGroupIDList=1E0C1B66-6BCC-427A-9B16-D5F3F06913A4&amp;Distance=15\" target=\"_blank\" rel=\"noopener\">Tournois Tennis-Ontario (OTA)<\/a><\/div>\n<div><a href=\"https:\/\/www.universaltennis.com\/\" target=\"_blank\" rel=\"noopener\">Tournois UTR (Universal Tennis)<\/a><\/div>\n<\/p><\/div>\n<\/p><\/div>\n<p><!-- \/lc-block -->\n\t\t\t<\/div>\n<p><!-- \/col -->\n\t\t<\/div>\n<\/p><\/div>\n<\/section>\n","protected":false},"excerpt":{"rendered":"<p>\u00c9v\u00e9nements\/Tournois Tournois Tennis-Qu\u00e9bec (TQ) Tournois Tennis-Ontario (OTA) Tournois UTR (Universal Tennis)<\/p>\n","protected":false},"author":1,"featured_media":0,"parent":0,"menu_order":0,"comment_status":"closed","ping_status":"closed","template":"page-templates\/empty.php","meta":[],"yoast_head":"<!-- This site is optimized with the Yoast SEO plugin v16.8 - https:\/\/yoast.com\/wordpress\/plugins\/seo\/ -->\n<title>Tennis Outaouais Performance | D\u00e9couvrez nos \u00e9v\u00e9nements et tournois en Outaouais<\/title>\n<meta name=\"description\" content=\"Tennis Outaouais Performance : Soyez au courant des derni\u00e8res nouvelles, \u00e9v\u00e9nements et tournois chez Tennis Outaouais Performance\" \/>\n<meta name=\"robots\" content=\"index, follow, max-snippet:-1, max-image-preview:large, max-video-preview:-1\" \/>\n<link rel=\"canonical\" href=\"https:\/\/www.toptennis.ca\/fr\/evenements\/\" \/>\n<meta property=\"og:locale\" content=\"fr_FR\" \/>\n<meta property=\"og:type\" content=\"article\" \/>\n<meta property=\"og:title\" content=\"Tennis Outaouais Performance | D\u00e9couvrez nos \u00e9v\u00e9nements et tournois en Outaouais\" \/>\n<meta property=\"og:description\" content=\"Tennis Outaouais Performance : Soyez au courant des derni\u00e8res nouvelles, \u00e9v\u00e9nements et tournois chez Tennis Outaouais Performance\" \/>\n<meta property=\"og:url\" content=\"https:\/\/www.toptennis.ca\/fr\/evenements\/\" \/>\n<meta property=\"og:site_name\" content=\"Tennis Outaouais Performance\" \/>\n<meta property=\"article:modified_time\" content=\"2022-03-01T20:08:36+00:00\" \/>\n<meta name=\"twitter:card\" content=\"summary_large_image\" \/>\n<script type=\"application\/ld+json\" class=\"yoast-schema-graph\">{\"@context\":\"https:\/\/schema.org\",\"@graph\":[{\"@type\":\"WebSite\",\"@id\":\"https:\/\/www.toptennis.ca\/fr\/#website\",\"url\":\"https:\/\/www.toptennis.ca\/fr\/\",\"name\":\"Tennis Outaouais Performance\",\"description\":\"Organisme pour joueurs  de tennis juniors en Outaouais\",\"potentialAction\":[{\"@type\":\"SearchAction\",\"target\":{\"@type\":\"EntryPoint\",\"urlTemplate\":\"https:\/\/www.toptennis.ca\/fr\/?s={search_term_string}\"},\"query-input\":\"required name=search_term_string\"}],\"inLanguage\":\"fr-FR\"},{\"@type\":\"WebPage\",\"@id\":\"https:\/\/www.toptennis.ca\/fr\/evenements\/#webpage\",\"url\":\"https:\/\/www.toptennis.ca\/fr\/evenements\/\",\"name\":\"Tennis Outaouais Performance | D\\u00e9couvrez nos \\u00e9v\\u00e9nements et tournois en Outaouais\",\"isPartOf\":{\"@id\":\"https:\/\/www.toptennis.ca\/fr\/#website\"},\"datePublished\":\"2020-01-29T19:32:02+00:00\",\"dateModified\":\"2022-03-01T20:08:36+00:00\",\"description\":\"Tennis Outaouais Performance : Soyez au courant des derni\\u00e8res nouvelles, \\u00e9v\\u00e9nements et tournois chez Tennis Outaouais Performance\",\"breadcrumb\":{\"@id\":\"https:\/\/www.toptennis.ca\/fr\/evenements\/#breadcrumb\"},\"inLanguage\":\"fr-FR\",\"potentialAction\":[{\"@type\":\"ReadAction\",\"target\":[\"https:\/\/www.toptennis.ca\/fr\/evenements\/\"]}]},{\"@type\":\"BreadcrumbList\",\"@id\":\"https:\/\/www.toptennis.ca\/fr\/evenements\/#breadcrumb\",\"itemListElement\":[{\"@type\":\"ListItem\",\"position\":1,\"name\":\"Home\",\"item\":\"https:\/\/www.toptennis.ca\/fr\/\"},{\"@type\":\"ListItem\",\"position\":2,\"name\":\"D\\u00e9couvrez nos \\u00e9v\\u00e9nements et tournois en Outaouais\"}]}]}<\/script>\n<!-- \/ Yoast SEO plugin. -->","yoast_head_json":{"title":"Tennis Outaouais Performance | D\u00e9couvrez nos \u00e9v\u00e9nements et tournois en Outaouais","description":"Tennis Outaouais Performance : Soyez au courant des derni\u00e8res nouvelles, \u00e9v\u00e9nements et tournois chez Tennis Outaouais Performance","robots":{"index":"index","follow":"follow","max-snippet":"max-snippet:-1","max-image-preview":"max-image-preview:large","max-video-preview":"max-video-preview:-1"},"canonical":"https:\/\/www.toptennis.ca\/fr\/evenements\/","og_locale":"fr_FR","og_type":"article","og_title":"Tennis Outaouais Performance | D\u00e9couvrez nos \u00e9v\u00e9nements et tournois en Outaouais","og_description":"Tennis Outaouais Performance : Soyez au courant des derni\u00e8res nouvelles, \u00e9v\u00e9nements et tournois chez Tennis Outaouais Performance","og_url":"https:\/\/www.toptennis.ca\/fr\/evenements\/","og_site_name":"Tennis Outaouais Performance","article_modified_time":"2022-03-01T20:08:36+00:00","twitter_card":"summary_large_image","schema":{"@context":"https:\/\/schema.org","@graph":[{"@type":"WebSite","@id":"https:\/\/www.toptennis.ca\/fr\/#website","url":"https:\/\/www.toptennis.ca\/fr\/","name":"Tennis Outaouais Performance","description":"Organisme pour joueurs  de tennis juniors en Outaouais","potentialAction":[{"@type":"SearchAction","target":{"@type":"EntryPoint","urlTemplate":"https:\/\/www.toptennis.ca\/fr\/?s={search_term_string}"},"query-input":"required name=search_term_string"}],"inLanguage":"fr-FR"},{"@type":"WebPage","@id":"https:\/\/www.toptennis.ca\/fr\/evenements\/#webpage","url":"https:\/\/www.toptennis.ca\/fr\/evenements\/","name":"Tennis Outaouais Performance | D\u00e9couvrez nos \u00e9v\u00e9nements et tournois en Outaouais","isPartOf":{"@id":"https:\/\/www.toptennis.ca\/fr\/#website"},"datePublished":"2020-01-29T19:32:02+00:00","dateModified":"2022-03-01T20:08:36+00:00","description":"Tennis Outaouais Performance : Soyez au courant des derni\u00e8res nouvelles, \u00e9v\u00e9nements et tournois chez Tennis Outaouais Performance","breadcrumb":{"@id":"https:\/\/www.toptennis.ca\/fr\/evenements\/#breadcrumb"},"inLanguage":"fr-FR","potentialAction":[{"@type":"ReadAction","target":["https:\/\/www.toptennis.ca\/fr\/evenements\/"]}]},{"@type":"BreadcrumbList","@id":"https:\/\/www.toptennis.ca\/fr\/evenements\/#breadcrumb","itemListElement":[{"@type":"ListItem","position":1,"name":"Home","item":"https:\/\/www.toptennis.ca\/fr\/"},{"@type":"ListItem","position":2,"name":"D\u00e9couvrez nos \u00e9v\u00e9nements et tournois en Outaouais"}]}]}},"_links":{"self":[{"href":"https:\/\/www.toptennis.ca\/fr\/wp-json\/wp\/v2\/pages\/57"}],"collection":[{"href":"https:\/\/www.toptennis.ca\/fr\/wp-json\/wp\/v2\/pages"}],"about":[{"href":"https:\/\/www.toptennis.ca\/fr\/wp-json\/wp\/v2\/types\/page"}],"author":[{"embeddable":true,"href":"https:\/\/www.toptennis.ca\/fr\/wp-json\/wp\/v2\/users\/1"}],"replies":[{"embeddable":true,"href":"https:\/\/www.toptennis.ca\/fr\/wp-json\/wp\/v2\/comments?post=57"}],"version-history":[{"count":3,"href":"https:\/\/www.toptennis.ca\/fr\/wp-json\/wp\/v2\/pages\/57\/revisions"}],"predecessor-version":[{"id":594,"href":"https:\/\/www.toptennis.ca\/fr\/wp-json\/wp\/v2\/pages\/57\/revisions\/594"}],"wp:attachment":[{"href":"https:\/\/www.toptennis.ca\/fr\/wp-json\/wp\/v2\/media?parent=57"}],"curies":[{"name":"wp","href":"https:\/\/api.w.org\/{rel}","templated":true}]}}