{"id":20,"date":"2020-01-29T11:21:19","date_gmt":"2020-01-29T16:21:19","guid":{"rendered":"https:\/\/www.toptennis.ca\/?page_id=20"},"modified":"2026-02-16T11:27:30","modified_gmt":"2026-02-16T16:27:30","slug":"organisme-pour-joueurs-de-tennis-juniors-en-outaouais","status":"publish","type":"page","link":"https:\/\/www.toptennis.ca\/fr\/","title":{"rendered":"Organisme pour joueurs  de tennis juniors en Outaouais"},"content":{"rendered":"<section class=\"h1-container\">\n<div class=\"container\">\n<div class=\"row\">\n<div class=\"col-12 col-lg-7 col-xl-6\">\n<div class=\"h1-div\">\n<div class=\"lc-block\">\n<div editable=\"rich\">\n<h1 class=\"h3\"><strong>Tennis Outaouais Performance, Un leader dans la promotion du Tennis en Outaouais!<\/strong><\/h1>\n<p>Amateurs de tennis, Tennis Outaouais Performance est une acad\u00e9mie dot\u00e9e d&rsquo;une \u00e9quipe d&rsquo;exp\u00e9rience avec des valeurs bien ancr\u00e9es. Adules, juniors, joueurs r\u00e9cr\u00e9atifs et de haute performance, tous et toutes y trouveront leur compte!<\/p>\n<a class=\"contact btn mt-2 contact btn\" href=\"https:\/\/www.toptennis.ca\/en\/contact\/\" aria-label=\"Nous joindre\">Nous joindre<\/a><\/div>\n<\/p><\/div>\n<p><!-- \/lc-block --><br \/>\n\t\t\t\t\t<!-- \/lc-block -->\n\t\t\t\t<\/div>\n<\/p><\/div>\n<p><!-- \/col --><\/p>\n<div class=\"col-12 col-lg-5 col-xl-6 d-none d-lg-block\">\n<div class=\"h1-img\">\n<div class=\"lc-block\">\n<div lc-helper=\"shortcode\" class=\"live-shortcode\"><\/div>\n<\/p><\/div>\n<p><!-- \/lc-block -->\n\t\t\t\t<\/div>\n<\/p><\/div>\n<p><!-- \/col -->\n\t\t<\/div>\n<\/p><\/div>\n<\/section>\n<p><!-- \n\n<section>\n\t\n\n<div class=\"container\">\n\t\t\n\n<div class=\"row\">\n\t\t\t\n\n<div class=\"col-xl-12\">\n\t\t\t\t\n\n<div class=\"lc-block pt-5 pb-0 text-center\"><a href=\"https:\/\/toptennis.local\/fr\/inscription\/juniors\/\" class=\"contact btn extra-size\">Un \u00c9T\u00c9 au TOP TENNIS.ca<\/a><\/div>\n\n<!-- \/lc-block \n\t\t\t<\/div>\n\n<!-- \/col \n\t\t<\/div>\n\n\n\t<\/div>\n\n\n<\/section>\n\n --><\/p>\n<section class=\"main-container\">\n<div class=\"container\">\n<div class=\"row\">\n<div class=\"col-12 col-lg-6\">\n<div class=\"lc-block\">\n\t\t\t\t\t<picture><source srcset=\"https:\/\/www.toptennis.ca\/wp-content\/uploads\/2024\/08\/MAJ_TENNIS-ETUDE-scaled.webp\" type=\"image\/webp\"><picture><source srcset=\"https:\/\/www.toptennis.ca\/wp-content\/uploads\/2024\/08\/MAJ_TENNIS-ETUDE-scaled.webp\" type=\"image\/webp\"><picture><source srcset=\"https:\/\/www.toptennis.ca\/wp-content\/uploads\/2024\/08\/MAJ_TENNIS-ETUDE-scaled.webp\" type=\"image\/webp\"><picture><source srcset=\"https:\/\/www.toptennis.ca\/wp-content\/uploads\/2024\/08\/MAJ_TENNIS-ETUDE-scaled.webp\" type=\"image\/webp\"><picture><source srcset=\"https:\/\/www.toptennis.ca\/wp-content\/uploads\/2024\/08\/MAJ_TENNIS-ETUDE-scaled.webp\" type=\"image\/webp\"><picture><source srcset=\"https:\/\/www.toptennis.ca\/wp-content\/uploads\/2024\/08\/MAJ_TENNIS-ETUDE-scaled.webp\" type=\"image\/webp\"><picture><source srcset=\"https:\/\/www.toptennis.ca\/wp-content\/uploads\/2024\/08\/MAJ_TENNIS-ETUDE-scaled.webp\" type=\"image\/webp\"><picture><source srcset=\"https:\/\/www.toptennis.ca\/wp-content\/uploads\/2024\/08\/MAJ_TENNIS-ETUDE-scaled.webp\" type=\"image\/webp\"><img loading=\"lazy\" class=\"img-fluid wp-image-703\" src=\"https:\/\/www.toptennis.ca\/wp-content\/uploads\/2024\/08\/MAJ_TENNIS-ETUDE-scaled.jpg\" alt=\"\" width=\"2560\" height=\"2011\" srcset=\"https:\/\/www.toptennis.ca\/wp-content\/uploads\/2024\/08\/MAJ_TENNIS-ETUDE-scaled.jpg 2560w, https:\/\/www.toptennis.ca\/wp-content\/uploads\/2024\/08\/MAJ_TENNIS-ETUDE-350x275.jpg 350w, https:\/\/www.toptennis.ca\/wp-content\/uploads\/2024\/08\/MAJ_TENNIS-ETUDE-1024x804.jpg 1024w, https:\/\/www.toptennis.ca\/wp-content\/uploads\/2024\/08\/MAJ_TENNIS-ETUDE-768x603.jpg 768w, https:\/\/www.toptennis.ca\/wp-content\/uploads\/2024\/08\/MAJ_TENNIS-ETUDE-1536x1207.jpg 1536w, https:\/\/www.toptennis.ca\/wp-content\/uploads\/2024\/08\/MAJ_TENNIS-ETUDE-2048x1609.jpg 2048w, https:\/\/www.toptennis.ca\/wp-content\/uploads\/2024\/08\/MAJ_TENNIS-ETUDE-250x196.jpg 250w\" sizes=\"(max-width: 2560px) 100vw, 2560px\"><\/picture><\/picture><\/picture><\/picture><\/picture><\/picture><\/picture><\/picture>\n\t\t\t\t<\/div>\n<p><!-- \/lc-block -->\n\t\t\t<\/div>\n<p><!-- \/col --><\/p>\n<div class=\"col-12 col-lg-6\">\n<div class=\"lc-block\">\n<div editable=\"rich\">\n<p>TOP Tennis se distingue par l&rsquo;excellence de son \u00e9quipe compos\u00e9e d&rsquo;entra\u00eeneurs et d&rsquo;instructeurs reconnus par Tennis Canada et qui accorde de l&rsquo;importance au d\u00e9veloppement de votre enfant.<\/p>\n<p>Le tennis permet \u00e0 vos enfants de pratiquer une activit\u00e9 physique passionnante toute sa vie.<\/p>\n<p>Pour voir nos entra\u00eeneurs et nos athl\u00e8tes, suivez-nous sur notre page Facebook.<\/p>\n<\/p><\/div>\n<\/p><\/div>\n<p><!-- \/lc-block --><\/p>\n<div class=\"lc-block\">\n<div lc-helper=\"shortcode\" class=\"live-shortcode\"><a href=\"https:\/\/www.facebook.com\/TennisOutaouaisPerformance\" class=\"contact btn\" rel=\"noopener\" target=\"_blank\">Suivez-nous sur facebook<\/a><\/div>\n<\/p><\/div>\n<p><!-- \/lc-block -->\n\t\t\t<\/div>\n<p><!-- \/col -->\n\t\t<\/div>\n<\/p><\/div>\n<\/section>\n<section class=\"cours-container\">\n<div class=\"container\">\n<div class=\"row\">\n<div class=\"col-md-6\">\n<div class=\"lc-block\">\n<div lc-helper=\"shortcode\" class=\"live-shortcode\"><a class=\"cours_btn\" href=\"https:\/\/www.toptennis.ca\/fr\/inscription\/juniors\" aria-label=\"Cours Juniors\"><img src=\"https:\/\/www.toptennis.ca\/wp-content\/themes\/yannickweb-child\/assets\/images\/junior.jpg\" class=\"\" alt=\"\"><span>Cours Juniors<\/span><\/a><\/div>\n<\/p><\/div>\n<p><!-- \/lc-block -->\n\t\t\t<\/div>\n<p><!-- \/col --><\/p>\n<div class=\"col-md-6\">\n<div class=\"lc-block\">\n<div lc-helper=\"shortcode\" class=\"live-shortcode\"><a class=\"cours_btn\" href=\"https:\/\/www.toptennis.ca\/fr\/inscription\/adultes\" aria-label=\"Cours Adultes\"><img src=\"https:\/\/www.toptennis.ca\/wp-content\/themes\/yannickweb-child\/assets\/images\/adultes.png\" class=\"\" alt=\"\"><span>Cours Adultes<\/span><\/a><\/div>\n<\/p><\/div>\n<p><!-- \/lc-block -->\n\t\t\t<\/div>\n<p><!-- \/col -->\n\t\t<\/div>\n<\/p><\/div>\n<\/section>\n<section class=\"programs-container\">\n<div class=\"container\">\n<div class=\"row\">\n<div class=\"col-12\">\n<div class=\"lc-block\">\n<div lc-helper=\"shortcode\" class=\"live-shortcode\"><div class=\"programs_list\"><div class=\"row\"><div class=\"col-12 col-lg-6\"><div class=\"gradient\"><h2>D\u00e9couvrez nos programmes&nbsp;:<\/h2><div class=\"list\"><a class=\"program\" href=\"https:\/\/www.toptennis.ca\/fr\/program\/haute-performance#competitif\"><span class=\"program-img\"><img src=\"https:\/\/www.toptennis.ca\/wp-content\/themes\/yannickweb-child\/assets\/images\/coupe.svg\" class=\"\" alt=\"\"><\/span><span class=\"program-title\">Comp\u00e9titif<\/span><\/a><a class=\"program\" href=\"https:\/\/www.toptennis.ca\/fr\/program\/recreatif\"><span class=\"program-img\"><img src=\"https:\/\/www.toptennis.ca\/wp-content\/themes\/yannickweb-child\/assets\/images\/raquette.svg\" class=\"\" alt=\"\"><\/span><span class=\"program-title\">R\u00e9cr\u00e9atif<\/span><\/a><a class=\"program\" href=\"https:\/\/www.toptennis.ca\/fr\/program\/haute-performance#tennis-etudes\"><span class=\"program-img\"><img src=\"https:\/\/www.toptennis.ca\/wp-content\/themes\/yannickweb-child\/assets\/images\/gradiation.svg\" class=\"\" alt=\"\"><\/span><span class=\"program-title\">Tennis-\u00e9tudes<\/span><\/a><\/div><\/div><\/div><div class=\"col-6 d-none d-lg-block\"><div class=\"programs_list-img\"><\/div><\/div><\/div><\/div><\/div>\n<\/p><\/div>\n<p><!-- \/lc-block -->\n\t\t\t<\/div>\n<p><!-- \/col -->\n\t\t<\/div>\n<\/p><\/div>\n<\/section>\n","protected":false},"excerpt":{"rendered":"<p>Tennis Outaouais Performance, Un leader dans la promotion du Tennis en Outaouais! Amateurs de tennis, Tennis Outaouais Performance est une acad\u00e9mie dot\u00e9e d&rsquo;une \u00e9quipe d&rsquo;exp\u00e9rience avec des valeurs bien ancr\u00e9es. [&hellip;]<\/p>\n","protected":false},"author":1,"featured_media":0,"parent":0,"menu_order":0,"comment_status":"closed","ping_status":"closed","template":"","meta":[],"yoast_head":"<!-- This site is optimized with the Yoast SEO plugin v16.8 - https:\/\/yoast.com\/wordpress\/plugins\/seo\/ -->\n<title>Tennis Outaouais Performance | Organisme pour joueurs de tennis juniors en Outaouais<\/title>\n<meta name=\"description\" content=\"Tennis Outaouais Performance : Notre mission est d\u2019offrir un centre pour le d\u00e9veloppement des joueurs de Tennis juniors de la r\u00e9gion de l\u2019Outaouais, que ce soit \u00e0 des fins r\u00e9cr\u00e9atives ou de haute performance.\" \/>\n<meta name=\"robots\" content=\"index, follow, max-snippet:-1, max-image-preview:large, max-video-preview:-1\" \/>\n<link rel=\"canonical\" href=\"https:\/\/www.toptennis.ca\/fr\/\" \/>\n<meta property=\"og:locale\" content=\"fr_FR\" \/>\n<meta property=\"og:type\" content=\"article\" \/>\n<meta property=\"og:title\" content=\"Tennis Outaouais Performance | Organisme pour joueurs de tennis juniors en Outaouais\" \/>\n<meta property=\"og:description\" content=\"Tennis Outaouais Performance : Notre mission est d\u2019offrir un centre pour le d\u00e9veloppement des joueurs de Tennis juniors de la r\u00e9gion de l\u2019Outaouais, que ce soit \u00e0 des fins r\u00e9cr\u00e9atives ou de haute performance.\" \/>\n<meta property=\"og:url\" content=\"https:\/\/www.toptennis.ca\/fr\/\" \/>\n<meta property=\"og:site_name\" content=\"Tennis Outaouais Performance\" \/>\n<meta property=\"article:modified_time\" content=\"2026-02-16T16:27:30+00:00\" \/>\n<meta property=\"og:image\" content=\"https:\/\/www.toptennis.ca\/wp-content\/uploads\/2024\/08\/MAJ_TENNIS-ETUDE-scaled.jpg\" \/>\n<meta name=\"twitter:card\" content=\"summary_large_image\" \/>\n<meta name=\"twitter:label1\" content=\"Dur\u00e9e de lecture est.\" \/>\n\t<meta name=\"twitter:data1\" content=\"1 minute\" \/>\n<script type=\"application\/ld+json\" class=\"yoast-schema-graph\">{\"@context\":\"https:\/\/schema.org\",\"@graph\":[{\"@type\":\"WebSite\",\"@id\":\"https:\/\/www.toptennis.ca\/fr\/#website\",\"url\":\"https:\/\/www.toptennis.ca\/fr\/\",\"name\":\"Tennis Outaouais Performance\",\"description\":\"Organisme pour joueurs  de tennis juniors en Outaouais\",\"potentialAction\":[{\"@type\":\"SearchAction\",\"target\":{\"@type\":\"EntryPoint\",\"urlTemplate\":\"https:\/\/www.toptennis.ca\/fr\/?s={search_term_string}\"},\"query-input\":\"required name=search_term_string\"}],\"inLanguage\":\"fr-FR\"},{\"@type\":\"ImageObject\",\"@id\":\"https:\/\/www.toptennis.ca\/fr\/#primaryimage\",\"inLanguage\":\"fr-FR\",\"url\":\"https:\/\/www.toptennis.ca\/wp-content\/uploads\/2024\/08\/MAJ_TENNIS-ETUDE-scaled.jpg\",\"contentUrl\":\"https:\/\/www.toptennis.ca\/wp-content\/uploads\/2024\/08\/MAJ_TENNIS-ETUDE-scaled.jpg\",\"width\":2560,\"height\":2011},{\"@type\":\"WebPage\",\"@id\":\"https:\/\/www.toptennis.ca\/fr\/#webpage\",\"url\":\"https:\/\/www.toptennis.ca\/fr\/\",\"name\":\"Tennis Outaouais Performance | Organisme pour joueurs de tennis juniors en Outaouais\",\"isPartOf\":{\"@id\":\"https:\/\/www.toptennis.ca\/fr\/#website\"},\"primaryImageOfPage\":{\"@id\":\"https:\/\/www.toptennis.ca\/fr\/#primaryimage\"},\"datePublished\":\"2020-01-29T16:21:19+00:00\",\"dateModified\":\"2026-02-16T16:27:30+00:00\",\"description\":\"Tennis Outaouais Performance : Notre mission est d\\u2019offrir un centre pour le d\\u00e9veloppement des joueurs de Tennis juniors de la r\\u00e9gion de l\\u2019Outaouais, que ce soit \\u00e0 des fins r\\u00e9cr\\u00e9atives ou de haute performance.\",\"breadcrumb\":{\"@id\":\"https:\/\/www.toptennis.ca\/fr\/#breadcrumb\"},\"inLanguage\":\"fr-FR\",\"potentialAction\":[{\"@type\":\"ReadAction\",\"target\":[\"https:\/\/www.toptennis.ca\/fr\/\"]}]},{\"@type\":\"BreadcrumbList\",\"@id\":\"https:\/\/www.toptennis.ca\/fr\/#breadcrumb\",\"itemListElement\":[{\"@type\":\"ListItem\",\"position\":1,\"name\":\"Home\",\"item\":\"https:\/\/www.toptennis.ca\/fr\/\"},{\"@type\":\"ListItem\",\"position\":2,\"name\":\"Organisme pour joueurs de tennis juniors en Outaouais\"}]}]}<\/script>\n<!-- \/ Yoast SEO plugin. -->","yoast_head_json":{"title":"Tennis Outaouais Performance | Organisme pour joueurs de tennis juniors en Outaouais","description":"Tennis Outaouais Performance : Notre mission est d\u2019offrir un centre pour le d\u00e9veloppement des joueurs de Tennis juniors de la r\u00e9gion de l\u2019Outaouais, que ce soit \u00e0 des fins r\u00e9cr\u00e9atives ou de haute performance.","robots":{"index":"index","follow":"follow","max-snippet":"max-snippet:-1","max-image-preview":"max-image-preview:large","max-video-preview":"max-video-preview:-1"},"canonical":"https:\/\/www.toptennis.ca\/fr\/","og_locale":"fr_FR","og_type":"article","og_title":"Tennis Outaouais Performance | Organisme pour joueurs de tennis juniors en Outaouais","og_description":"Tennis Outaouais Performance : Notre mission est d\u2019offrir un centre pour le d\u00e9veloppement des joueurs de Tennis juniors de la r\u00e9gion de l\u2019Outaouais, que ce soit \u00e0 des fins r\u00e9cr\u00e9atives ou de haute performance.","og_url":"https:\/\/www.toptennis.ca\/fr\/","og_site_name":"Tennis Outaouais Performance","article_modified_time":"2026-02-16T16:27:30+00:00","og_image":[{"url":"https:\/\/www.toptennis.ca\/wp-content\/uploads\/2024\/08\/MAJ_TENNIS-ETUDE-scaled.jpg"}],"twitter_card":"summary_large_image","twitter_misc":{"Dur\u00e9e de lecture est.":"1 minute"},"schema":{"@context":"https:\/\/schema.org","@graph":[{"@type":"WebSite","@id":"https:\/\/www.toptennis.ca\/fr\/#website","url":"https:\/\/www.toptennis.ca\/fr\/","name":"Tennis Outaouais Performance","description":"Organisme pour joueurs  de tennis juniors en Outaouais","potentialAction":[{"@type":"SearchAction","target":{"@type":"EntryPoint","urlTemplate":"https:\/\/www.toptennis.ca\/fr\/?s={search_term_string}"},"query-input":"required name=search_term_string"}],"inLanguage":"fr-FR"},{"@type":"ImageObject","@id":"https:\/\/www.toptennis.ca\/fr\/#primaryimage","inLanguage":"fr-FR","url":"https:\/\/www.toptennis.ca\/wp-content\/uploads\/2024\/08\/MAJ_TENNIS-ETUDE-scaled.jpg","contentUrl":"https:\/\/www.toptennis.ca\/wp-content\/uploads\/2024\/08\/MAJ_TENNIS-ETUDE-scaled.jpg","width":2560,"height":2011},{"@type":"WebPage","@id":"https:\/\/www.toptennis.ca\/fr\/#webpage","url":"https:\/\/www.toptennis.ca\/fr\/","name":"Tennis Outaouais Performance | Organisme pour joueurs de tennis juniors en Outaouais","isPartOf":{"@id":"https:\/\/www.toptennis.ca\/fr\/#website"},"primaryImageOfPage":{"@id":"https:\/\/www.toptennis.ca\/fr\/#primaryimage"},"datePublished":"2020-01-29T16:21:19+00:00","dateModified":"2026-02-16T16:27:30+00:00","description":"Tennis Outaouais Performance : Notre mission est d\u2019offrir un centre pour le d\u00e9veloppement des joueurs de Tennis juniors de la r\u00e9gion de l\u2019Outaouais, que ce soit \u00e0 des fins r\u00e9cr\u00e9atives ou de haute performance.","breadcrumb":{"@id":"https:\/\/www.toptennis.ca\/fr\/#breadcrumb"},"inLanguage":"fr-FR","potentialAction":[{"@type":"ReadAction","target":["https:\/\/www.toptennis.ca\/fr\/"]}]},{"@type":"BreadcrumbList","@id":"https:\/\/www.toptennis.ca\/fr\/#breadcrumb","itemListElement":[{"@type":"ListItem","position":1,"name":"Home","item":"https:\/\/www.toptennis.ca\/fr\/"},{"@type":"ListItem","position":2,"name":"Organisme pour joueurs de tennis juniors en Outaouais"}]}]}},"_links":{"self":[{"href":"https:\/\/www.toptennis.ca\/fr\/wp-json\/wp\/v2\/pages\/20"}],"collection":[{"href":"https:\/\/www.toptennis.ca\/fr\/wp-json\/wp\/v2\/pages"}],"about":[{"href":"https:\/\/www.toptennis.ca\/fr\/wp-json\/wp\/v2\/types\/page"}],"author":[{"embeddable":true,"href":"https:\/\/www.toptennis.ca\/fr\/wp-json\/wp\/v2\/users\/1"}],"replies":[{"embeddable":true,"href":"https:\/\/www.toptennis.ca\/fr\/wp-json\/wp\/v2\/comments?post=20"}],"version-history":[{"count":21,"href":"https:\/\/www.toptennis.ca\/fr\/wp-json\/wp\/v2\/pages\/20\/revisions"}],"predecessor-version":[{"id":765,"href":"https:\/\/www.toptennis.ca\/fr\/wp-json\/wp\/v2\/pages\/20\/revisions\/765"}],"wp:attachment":[{"href":"https:\/\/www.toptennis.ca\/fr\/wp-json\/wp\/v2\/media?parent=20"}],"curies":[{"name":"wp","href":"https:\/\/api.w.org\/{rel}","templated":true}]}}