{"id":183,"date":"2020-02-05T11:47:08","date_gmt":"2020-02-05T16:47:08","guid":{"rendered":"https:\/\/www.toptennis.ca\/?page_id=183"},"modified":"2021-08-03T10:13:13","modified_gmt":"2021-08-03T14:13:13","slug":"inscription","status":"publish","type":"page","link":"https:\/\/www.toptennis.ca\/fr\/inscription\/","title":{"rendered":"Inscription"},"content":{"rendered":"<section class=\"h1-container\">\n<div class=\"container\">\n<div class=\"row\">\n<div class=\"col-12\">\n<div class=\"banner\">\n<div class=\"lc-block\">\n<div editable=\"rich\">\n<h1>Inscription<\/h1>\n<\/p><\/div>\n<\/p><\/div>\n<p><!-- \/lc-block -->\n\t\t\t\t<\/div>\n<\/p><\/div>\n<p><!-- \/col -->\n\t\t<\/div>\n<\/p><\/div>\n<\/section>\n<section class=\"inscription-container faq-container\">\n<div class=\"container\">\n<div class=\"row align-items-center\">\n<div class=\"col-12\">\n<div class=\"lc-block\">\n<div lc-helper=\"shortcode\" class=\"live-shortcode faq-content\"><div class=\"sessions_list faq-list\"><p class=\"noSessionSelected\">Veuillez choisir un cours<\/p><\/div><\/div>\n<\/p><\/div>\n<p><!-- \/lc-block -->\n\t\t\t<\/div>\n<p><!-- \/col -->\n\t\t<\/div>\n<\/p><\/div>\n<\/section>\n<section class=\"inscription-form-container\" style=\"display:none\">\n<div class=\"container\">\n<div class=\"row justify-content-center\">\n<div class=\"col-auto\">\n<div class=\"lc-block\">\n<div lc-helper=\"shortcode\" class=\"live-shortcode\"><div role=\"form\" class=\"wpcf7\" id=\"wpcf7-f112-o1\" lang=\"fr-FR\" dir=\"ltr\">\n<div class=\"screen-reader-response\"><p role=\"status\" aria-live=\"polite\" aria-atomic=\"true\"><\/p> <ul><\/ul><\/div>\n<form action=\"\/fr\/wp-json\/wp\/v2\/pages\/183#wpcf7-f112-o1\" method=\"post\" class=\"wpcf7-form init\" novalidate=\"novalidate\" data-status=\"init\">\n<div style=\"display: none;\">\n<input type=\"hidden\" name=\"_wpcf7\" value=\"112\" \/>\n<input type=\"hidden\" name=\"_wpcf7_version\" value=\"5.4.2\" \/>\n<input type=\"hidden\" name=\"_wpcf7_locale\" value=\"fr_FR\" \/>\n<input type=\"hidden\" name=\"_wpcf7_unit_tag\" value=\"wpcf7-f112-o1\" \/>\n<input type=\"hidden\" name=\"_wpcf7_container_post\" value=\"0\" \/>\n<input type=\"hidden\" name=\"_wpcf7_posted_data_hash\" value=\"\" \/>\n<\/div>\n<div class=\"theForm session\">\n<div class=\"column d-flex justify-content-center step-2\">\n<h2>Effectuer votre paiement<\/h2>\n<\/div>\n<h2>Informations de l'enfant<\/h2>\n<div class=\"column d-flex flex-column flex-md-row align-items-md-center\">\n    <label for=\"your-name\">Nom complet *<\/label><br \/>\n    <span class=\"wpcf7-form-control-wrap your-name\"><input type=\"text\" name=\"your-name\" value=\"\" size=\"40\" class=\"wpcf7-form-control wpcf7-text wpcf7-validates-as-required\" id=\"your-name\" aria-required=\"true\" aria-invalid=\"false\" \/><\/span>\n  <\/div>\n<div class=\"column d-flex flex-column flex-md-row align-items-md-center\">\n    <label for=\"your-dob\">Date de naissance *<\/label><br \/>\n    <span class=\"wpcf7-form-control-wrap your-dob\"><input type=\"date\" name=\"your-dob\" value=\"\" class=\"wpcf7-form-control wpcf7-date wpcf7-validates-as-required wpcf7-validates-as-date\" id=\"your-dob\" max=\"2026-04-26\" aria-required=\"true\" aria-invalid=\"false\" \/><\/span>\n  <\/div>\n<div class=\"column d-flex flex-column flex-md-row align-items-md-center\">\n    <label for=\"your-sex\">Sexe *<\/label><br \/>\n    <span class=\"wpcf7-form-control-wrap your-sex\"><span class=\"wpcf7-form-control wpcf7-radio sex-radio\" id=\"your-sex\"><span class=\"wpcf7-list-item first\"><label><input type=\"radio\" name=\"your-sex\" value=\"Homme\" \/><span class=\"wpcf7-list-item-label\"><span class=\"icon\"><svg xmlns=\"http:\/\/www.w3.org\/2000\/svg\" width=\"31.059\" height=\"31.059\" viewBox=\"0 0 31.059 31.059\"><path class=\"a\" d=\"M31.042,1.127a1.282,1.282,0,0,0-.08-.32.039.039,0,0,1,0-.009v0A1.317,1.317,0,0,0,30.784.5c-.017-.021-.034-.042-.052-.062a1.32,1.32,0,0,0-.247-.223l-.008,0a1.275,1.275,0,0,0-.294-.14C30.157.066,30.132.058,30.1.051A1.29,1.29,0,0,0,29.765,0H20.706a1.294,1.294,0,1,0,0,2.588H26.64l-7.724,7.724a11.655,11.655,0,1,0,1.83,1.831l7.725-7.725v5.935a1.294,1.294,0,0,0,2.588,0V1.294c0-.027-.006-.053-.008-.08S31.046,1.156,31.042,1.127Zm-19.4,27.343a9.064,9.064,0,1,1,9.059-9.059A9.069,9.069,0,0,1,11.647,28.471Zm0,0\"\/><\/svg><\/span>Homme<\/span><\/label><\/span><span class=\"wpcf7-list-item\"><label><input type=\"radio\" name=\"your-sex\" value=\"Femme\" \/><span class=\"wpcf7-list-item-label\"><span class=\"icon\"><svg xmlns=\"http:\/\/www.w3.org\/2000\/svg\" width=\"23.243\" height=\"35.001\" viewBox=\"0 0 23.243 35.001\"><g transform=\"translate(-86 0)\"><g transform=\"translate(85.999 0)\"><path class=\"a\" d=\"M105.842,19.836a11.642,11.642,0,1,0-9.589,3.319v3.891H93.517a1.367,1.367,0,1,0,0,2.735h2.736v3.852a1.368,1.368,0,0,0,2.736,0V29.781h2.736a1.367,1.367,0,1,0,0-2.735H98.989V23.155A11.572,11.572,0,0,0,105.842,19.836ZM91.334,17.9a8.89,8.89,0,1,1,12.574,0A8.9,8.9,0,0,1,91.334,17.9Z\" transform=\"translate(-85.999 0)\"\/><\/g><\/g><\/svg><\/span>Femme<\/span><\/label><\/span><span class=\"wpcf7-list-item\"><label><input type=\"radio\" name=\"your-sex\" value=\"Autre\" \/><span class=\"wpcf7-list-item-label\"><span class=\"icon\"><svg xmlns=\"http:\/\/www.w3.org\/2000\/svg\" xmlns:xlink=\"http:\/\/www.w3.org\/1999\/xlink\" width=\"23\" height=\"26\" viewBox=\"0 0 23 26\">\n  <image width=\"23\" height=\"26\" xlink:href=\"data:img\/png;base64,iVBORw0KGgoAAAANSUhEUgAAABcAAAAaCAYAAABctMd+AAABzUlEQVRIiZ2Wuy9sURSHP9fETSicRuFRKIREFAoJETdX1J6FP0CnEZGIKCQUelqFRiSuXnMbxb3oGYkCCQnJUAgiHhMZsuUnlpMzs\/fML9mzMmev9a2919mPUwakgB6+lAX2KF7dQIWJ2nE\/EfAWa71FonsTGNGPmNMjMK2Eq0BlIPxEcY\/xjs+R38q+AHfAK9Bs\/FyixjwJBxVnOY5LFZABRoFDM60l9c0AB0BOz3P6P6N+C06Lk1Hfh6qBPuDawF3AeUItbTsz4GOgAagR75uWVIopOX5C3OpZUXJXlk5g0UzfgvOqHPgFuJe8ZYI68gQ42D\/5bSnOqyEzonqP80\/gSb7D8c6kbCOy+8ClB+7q\/ScWVxDeKrvtneN3v7YQeCR7Hwi\/i8UVhF\/J1gbC62QzIc6zekEPgfC0\/OdCnGt1RriAcY9vj\/yefevcak5BblNN5infgNlI86FgBFs36\/1Iu3JMZds1fZvagEXJJVgzB1ZS2ygFbNUC9AN\/Bf+vXdwajvBrQfDl0ADflNzZMQF0Ab+BJm35SM9Ok26fUCXdr7a1F+KkPElyuhBQokjHwo2eZUsddVxF1zzogC9V7qMoVO6Kc+1CnxKFBbwDS1mSNfCihcIAAAAASUVORK5CYII=\"\/>\n<\/svg>\n<\/span>Autre<\/span><\/label><\/span><span class=\"wpcf7-list-item last\"><label><input type=\"radio\" name=\"your-sex\" value=\"Pr\u00e9f\u00e8re ne pas dire\" \/><span class=\"wpcf7-list-item-label\"><span class=\"icon\"><svg xmlns=\"http:\/\/www.w3.org\/2000\/svg\" xmlns:xlink=\"http:\/\/www.w3.org\/1999\/xlink\" width=\"23\" height=\"23\" viewBox=\"0 0 23 23\">\n  <image width=\"23\" height=\"23\" xlink:href=\"data:img\/png;base64,iVBORw0KGgoAAAANSUhEUgAAABcAAAAXCAYAAADgKtSgAAABYUlEQVRIibWV0U3DQAyGPyn0HRiFvmSC9jVZo1JDl0i6AUxApUxRJoAR6ACwQVqQI0e6HnZyEcLSKcqd\/dv32z4zISvgCXgDvoCzfuX\/GVhPAViyBI7Ad8J6Vf1JuQVaoEsEHlandneeAzl4nwkaL7G\/t8Bbx+ADqIECyIESaHTf0m9j4OUIFY\/OTW+ArUPRVQ7GkncBNiPJ2hk2x+FwncjnAcgcB9YNpIz7eo05rjTi2GDvgC+AU6Qr\/dE3RLhZq8FmJkVNpCu4fceFm0Vg8DLDQRnpfaItHW7mgUGmEcUUXZSiMAd5pHO2Ii+NqDZODg6BTmFFHnPeOJx6DgaKaotzq1oWjoO9k4PK6FjBNet864BnTpKttRqMrA7dOQ7GKPrVoSIPzttSjVBUOcCd4l2J9yqeNMmllluhyUt+FdFB8W\/vOXrwl0nkAsc5SJ2hopc0Q2MJp790nLS0fKenP\/ADHU40QpH5BToAAAAASUVORK5CYII=\"\/>\n<\/svg>\n<\/span>Pr\u00e9f\u00e8re ne pas dire<\/span><\/label><\/span><\/span><\/span>\n  <\/div>\n<h2>Informations de contact<\/h2>\n<div class=\"column d-flex flex-column flex-md-row align-items-md-center parent\">\n    <label for=\"your-father-name\">(P\u00e8re) Nom complet<\/label><br \/>\n    <span class=\"wpcf7-form-control-wrap your-father-name\"><input type=\"text\" name=\"your-father-name\" value=\"\" size=\"40\" class=\"wpcf7-form-control wpcf7-text\" id=\"your-father-name\" aria-invalid=\"false\" \/><\/span>\n  <\/div>\n<div class=\"column d-flex flex-column flex-md-row align-items-md-center parent\">\n    <label for=\"your-mother-name\">(M\u00e8re) Nom complet<\/label><br \/>\n    <span class=\"wpcf7-form-control-wrap your-mother-name\"><input type=\"text\" name=\"your-mother-name\" value=\"\" size=\"40\" class=\"wpcf7-form-control wpcf7-text\" id=\"your-mother-name\" aria-invalid=\"false\" \/><\/span>\n  <\/div>\n<div class=\"column d-flex flex-column flex-md-row align-items-md-center\">\n    <label for=\"your-email\">Courriel *<\/label><br \/>\n    <span class=\"wpcf7-form-control-wrap your-email\"><input type=\"email\" name=\"your-email\" value=\"\" size=\"40\" class=\"wpcf7-form-control wpcf7-text wpcf7-email wpcf7-validates-as-required wpcf7-validates-as-email\" id=\"your-email\" aria-required=\"true\" aria-invalid=\"false\" \/><\/span>\n  <\/div>\n<div class=\"column d-flex flex-column flex-md-row align-items-md-center\">\n    <label for=\"your-second-email\">2e courriel<br\/>(optionnel)<\/label><br \/>\n    <span class=\"wpcf7-form-control-wrap your-second-email\"><input type=\"email\" name=\"your-second-email\" value=\"\" size=\"40\" class=\"wpcf7-form-control wpcf7-text wpcf7-email wpcf7-validates-as-email\" id=\"your-second-email\" aria-invalid=\"false\" \/><\/span>\n  <\/div>\n<h3>T\u00e9l\u00e9phone<\/h3>\n<div class=\"column d-flex flex-column flex-md-row align-items-md-center\">\n    <label for=\"your-tel-home\">R\u00e9sidence<\/label><br \/>\n    <span class=\"wpcf7-form-control-wrap your-tel-home\"><input type=\"tel\" name=\"your-tel-home\" value=\"\" size=\"40\" class=\"wpcf7-form-control wpcf7-text wpcf7-tel wpcf7-validates-as-tel\" id=\"your-tel-home\" aria-invalid=\"false\" \/><\/span>\n  <\/div>\n<div class=\"column d-flex flex-column flex-md-row align-items-md-center\">\n    <label for=\"your-tel-cell\">Cellulaire<\/label><br \/>\n    <span class=\"wpcf7-form-control-wrap your-tel-cell\"><input type=\"tel\" name=\"your-tel-cell\" value=\"\" size=\"40\" class=\"wpcf7-form-control wpcf7-text wpcf7-tel wpcf7-validates-as-tel\" id=\"your-tel-cell\" aria-invalid=\"false\" \/><\/span>\n  <\/div>\n<div class=\"column d-flex flex-column flex-md-row align-items-md-center\">\n    <label for=\"your-tel-work\">Travail<\/label><br \/>\n    <span class=\"wpcf7-form-control-wrap your-tel-work\"><input type=\"tel\" name=\"your-tel-work\" value=\"\" size=\"40\" class=\"wpcf7-form-control wpcf7-text wpcf7-tel wpcf7-validates-as-tel\" id=\"your-tel-work\" aria-invalid=\"false\" \/><\/span>\n  <\/div>\n<h3>Adresse<\/h3>\n<div class=\"column d-flex flex-column flex-md-row align-items-md-center\">\n    <label for=\"your-address\">Adresse *<\/label><br \/>\n    <span class=\"wpcf7-form-control-wrap your-address\"><input type=\"text\" name=\"your-address\" value=\"\" size=\"40\" class=\"wpcf7-form-control wpcf7-text wpcf7-validates-as-required\" id=\"your-address\" aria-required=\"true\" aria-invalid=\"false\" \/><\/span>\n  <\/div>\n<div class=\"column d-flex flex-column flex-md-row align-items-md-center\">\n    <label for=\"your-city\">Ville *<\/label><br \/>\n    <span class=\"wpcf7-form-control-wrap your-city\"><input type=\"text\" name=\"your-city\" value=\"\" size=\"40\" class=\"wpcf7-form-control wpcf7-text wpcf7-validates-as-required\" id=\"your-city\" aria-required=\"true\" aria-invalid=\"false\" \/><\/span>\n  <\/div>\n<div class=\"column d-flex flex-column flex-md-row align-items-md-center\">\n    <label for=\"your-postal-code\">Code postal *<\/label><br \/>\n    <span class=\"wpcf7-form-control-wrap your-postal-code\"><input type=\"text\" name=\"your-postal-code\" value=\"\" size=\"40\" class=\"wpcf7-form-control wpcf7-text wpcf7-validates-as-required\" id=\"your-postal-code\" aria-required=\"true\" aria-invalid=\"false\" \/><\/span>\n  <\/div>\n<div class=\"column d-flex flex-column flex-md-row align-items-md-center parent\">\n    <span class=\"wpcf7-form-control-wrap photos-promotionelles\"><span class=\"wpcf7-form-control wpcf7-checkbox\" id=\"photos-promotionelles\"><span class=\"wpcf7-list-item first last\"><label><input type=\"checkbox\" name=\"photos-promotionelles[]\" value=\"Advenant le cas, je n\u2019accepte pas que Tennis Outaouais Performance prenne une photo de mon enfant et l\u2019utilise \u00e0 des fins promotionnelles (d\u00e9pliants, site internet)\" \/><span class=\"wpcf7-list-item-label\">Advenant le cas, je n\u2019accepte pas que Tennis Outaouais Performance prenne une photo de mon enfant et l\u2019utilise \u00e0 des fins promotionnelles (d\u00e9pliants, site internet)<\/span><\/label><\/span><\/span><\/span>\n  <\/div>\n<div class=\"column d-flex\">\n    <span class=\"wpcf7-form-control-wrap confEmail\"><input type=\"text\" name=\"confEmail\" value=\"\" size=\"40\" class=\"wpcf7-form-control wpcf7-text\" id=\"confEmail\" aria-invalid=\"false\" \/><\/span>\n<input type=\"hidden\" name=\"orderID\" value=\"\" class=\"wpcf7-form-control wpcf7-hidden\" id=\"orderID\" \/>\n<input type=\"hidden\" name=\"session_slug\" value=\"\" class=\"wpcf7-form-control wpcf7-hidden\" id=\"session_slug\" \/>\n<input type=\"hidden\" name=\"location_id\" value=\"\" class=\"wpcf7-form-control wpcf7-hidden\" id=\"location_id\" \/>\n<input type=\"hidden\" name=\"ajax_nonce\" value=\"\" class=\"wpcf7-form-control wpcf7-hidden\" id=\"ajax_nonce\" \/>\n<p><button class=\"wpcf7-form-control wpcf7-submit btn contact\"><span>Soumettre<\/span><span>Annuler<\/span><\/button><div class=\"paypal_btn d-none opacity-0\"><\/div>\n  <\/div>\n<\/div>\n<input type=\"hidden\" id=\"ct_checkjs_cf7_9de6d14fff9806d4bcd1ef555be766cd\" name=\"ct_checkjs_cf7\" value=\"0\" \/><script >setTimeout(function(){var ct_input_name = \"ct_checkjs_cf7_9de6d14fff9806d4bcd1ef555be766cd\";if (document.getElementById(ct_input_name) !== null) {var ct_input_value = document.getElementById(ct_input_name).value;document.getElementById(ct_input_name).value = document.getElementById(ct_input_name).value.replace(ct_input_value, '2c6b3622c4eab94887eaac95b9f6c2c03202a907aa81d612d21844742555958a');}}, 1000);<\/script><input\n                    class=\"apbct_special_field apbct_email_id__wp_contact_form_7\"\n                    name=\"apbct__email_id__wp_contact_form_7\"\n                    aria-label=\"apbct__label_id__wp_contact_form_7\"\n                    type=\"text\" size=\"30\" maxlength=\"200\" autocomplete=\"off\"\n                    value=\"\"\n                \/><div class=\"wpcf7-response-output\" aria-hidden=\"true\"><\/div><\/form><\/div><\/div>\n<\/p><\/div>\n<p><!-- \/lc-block -->\n\t\t\t<\/div>\n<\/p><\/div>\n<\/p><\/div>\n<\/section>\n","protected":false},"excerpt":{"rendered":"<p>Inscription<\/p>\n","protected":false},"author":1,"featured_media":0,"parent":0,"menu_order":0,"comment_status":"closed","ping_status":"closed","template":"page-templates\/empty.php","meta":[],"yoast_head":"<!-- This site is optimized with the Yoast SEO plugin v16.8 - https:\/\/yoast.com\/wordpress\/plugins\/seo\/ -->\n<title>Tennis Outaouais Performance | Inscriptions aux cours de tennis<\/title>\n<meta name=\"description\" content=\"Tennis Outaouais Performance : Nos programmes r\u00e9cr\u00e9atifs et de haute performance sont disponibles. Proc\u00e9dez aux inscriptions pour adultes et juniors en Outaouais\" \/>\n<meta name=\"robots\" content=\"index, follow, max-snippet:-1, max-image-preview:large, max-video-preview:-1\" \/>\n<link rel=\"canonical\" href=\"https:\/\/www.toptennis.ca\/fr\/inscription\/\" \/>\n<meta property=\"og:locale\" content=\"fr_FR\" \/>\n<meta property=\"og:type\" content=\"article\" \/>\n<meta property=\"og:title\" content=\"Tennis Outaouais Performance | Inscriptions aux cours de tennis\" \/>\n<meta property=\"og:description\" content=\"Tennis Outaouais Performance : Nos programmes r\u00e9cr\u00e9atifs et de haute performance sont disponibles. Proc\u00e9dez aux inscriptions pour adultes et juniors en Outaouais\" \/>\n<meta property=\"og:url\" content=\"https:\/\/www.toptennis.ca\/fr\/inscription\/\" \/>\n<meta property=\"og:site_name\" content=\"Tennis Outaouais Performance\" \/>\n<meta property=\"article:modified_time\" content=\"2021-08-03T14:13:13+00:00\" \/>\n<meta name=\"twitter:card\" content=\"summary_large_image\" \/>\n<script type=\"application\/ld+json\" class=\"yoast-schema-graph\">{\"@context\":\"https:\/\/schema.org\",\"@graph\":[{\"@type\":\"WebSite\",\"@id\":\"https:\/\/www.toptennis.ca\/fr\/#website\",\"url\":\"https:\/\/www.toptennis.ca\/fr\/\",\"name\":\"Tennis Outaouais Performance\",\"description\":\"Organisme pour joueurs  de tennis juniors en Outaouais\",\"potentialAction\":[{\"@type\":\"SearchAction\",\"target\":{\"@type\":\"EntryPoint\",\"urlTemplate\":\"https:\/\/www.toptennis.ca\/fr\/?s={search_term_string}\"},\"query-input\":\"required name=search_term_string\"}],\"inLanguage\":\"fr-FR\"},{\"@type\":\"WebPage\",\"@id\":\"https:\/\/www.toptennis.ca\/fr\/inscription\/#webpage\",\"url\":\"https:\/\/www.toptennis.ca\/fr\/inscription\/\",\"name\":\"Tennis Outaouais Performance | Inscriptions aux cours de tennis\",\"isPartOf\":{\"@id\":\"https:\/\/www.toptennis.ca\/fr\/#website\"},\"datePublished\":\"2020-02-05T16:47:08+00:00\",\"dateModified\":\"2021-08-03T14:13:13+00:00\",\"description\":\"Tennis Outaouais Performance : Nos programmes r\\u00e9cr\\u00e9atifs et de haute performance sont disponibles. Proc\\u00e9dez aux inscriptions pour adultes et juniors en Outaouais\",\"breadcrumb\":{\"@id\":\"https:\/\/www.toptennis.ca\/fr\/inscription\/#breadcrumb\"},\"inLanguage\":\"fr-FR\",\"potentialAction\":[{\"@type\":\"ReadAction\",\"target\":[\"https:\/\/www.toptennis.ca\/fr\/inscription\/\"]}]},{\"@type\":\"BreadcrumbList\",\"@id\":\"https:\/\/www.toptennis.ca\/fr\/inscription\/#breadcrumb\",\"itemListElement\":[{\"@type\":\"ListItem\",\"position\":1,\"name\":\"Home\",\"item\":\"https:\/\/www.toptennis.ca\/fr\/\"},{\"@type\":\"ListItem\",\"position\":2,\"name\":\"Inscription\"}]}]}<\/script>\n<!-- \/ Yoast SEO plugin. -->","yoast_head_json":{"title":"Tennis Outaouais Performance | Inscriptions aux cours de tennis","description":"Tennis Outaouais Performance : Nos programmes r\u00e9cr\u00e9atifs et de haute performance sont disponibles. Proc\u00e9dez aux inscriptions pour adultes et juniors en Outaouais","robots":{"index":"index","follow":"follow","max-snippet":"max-snippet:-1","max-image-preview":"max-image-preview:large","max-video-preview":"max-video-preview:-1"},"canonical":"https:\/\/www.toptennis.ca\/fr\/inscription\/","og_locale":"fr_FR","og_type":"article","og_title":"Tennis Outaouais Performance | Inscriptions aux cours de tennis","og_description":"Tennis Outaouais Performance : Nos programmes r\u00e9cr\u00e9atifs et de haute performance sont disponibles. Proc\u00e9dez aux inscriptions pour adultes et juniors en Outaouais","og_url":"https:\/\/www.toptennis.ca\/fr\/inscription\/","og_site_name":"Tennis Outaouais Performance","article_modified_time":"2021-08-03T14:13:13+00:00","twitter_card":"summary_large_image","schema":{"@context":"https:\/\/schema.org","@graph":[{"@type":"WebSite","@id":"https:\/\/www.toptennis.ca\/fr\/#website","url":"https:\/\/www.toptennis.ca\/fr\/","name":"Tennis Outaouais Performance","description":"Organisme pour joueurs  de tennis juniors en Outaouais","potentialAction":[{"@type":"SearchAction","target":{"@type":"EntryPoint","urlTemplate":"https:\/\/www.toptennis.ca\/fr\/?s={search_term_string}"},"query-input":"required name=search_term_string"}],"inLanguage":"fr-FR"},{"@type":"WebPage","@id":"https:\/\/www.toptennis.ca\/fr\/inscription\/#webpage","url":"https:\/\/www.toptennis.ca\/fr\/inscription\/","name":"Tennis Outaouais Performance | Inscriptions aux cours de tennis","isPartOf":{"@id":"https:\/\/www.toptennis.ca\/fr\/#website"},"datePublished":"2020-02-05T16:47:08+00:00","dateModified":"2021-08-03T14:13:13+00:00","description":"Tennis Outaouais Performance : Nos programmes r\u00e9cr\u00e9atifs et de haute performance sont disponibles. Proc\u00e9dez aux inscriptions pour adultes et juniors en Outaouais","breadcrumb":{"@id":"https:\/\/www.toptennis.ca\/fr\/inscription\/#breadcrumb"},"inLanguage":"fr-FR","potentialAction":[{"@type":"ReadAction","target":["https:\/\/www.toptennis.ca\/fr\/inscription\/"]}]},{"@type":"BreadcrumbList","@id":"https:\/\/www.toptennis.ca\/fr\/inscription\/#breadcrumb","itemListElement":[{"@type":"ListItem","position":1,"name":"Home","item":"https:\/\/www.toptennis.ca\/fr\/"},{"@type":"ListItem","position":2,"name":"Inscription"}]}]}},"_links":{"self":[{"href":"https:\/\/www.toptennis.ca\/fr\/wp-json\/wp\/v2\/pages\/183"}],"collection":[{"href":"https:\/\/www.toptennis.ca\/fr\/wp-json\/wp\/v2\/pages"}],"about":[{"href":"https:\/\/www.toptennis.ca\/fr\/wp-json\/wp\/v2\/types\/page"}],"author":[{"embeddable":true,"href":"https:\/\/www.toptennis.ca\/fr\/wp-json\/wp\/v2\/users\/1"}],"replies":[{"embeddable":true,"href":"https:\/\/www.toptennis.ca\/fr\/wp-json\/wp\/v2\/comments?post=183"}],"version-history":[{"count":20,"href":"https:\/\/www.toptennis.ca\/fr\/wp-json\/wp\/v2\/pages\/183\/revisions"}],"predecessor-version":[{"id":525,"href":"https:\/\/www.toptennis.ca\/fr\/wp-json\/wp\/v2\/pages\/183\/revisions\/525"}],"wp:attachment":[{"href":"https:\/\/www.toptennis.ca\/fr\/wp-json\/wp\/v2\/media?parent=183"}],"curies":[{"name":"wp","href":"https:\/\/api.w.org\/{rel}","templated":true}]}}